{"id":39,"date":"2023-01-16T13:14:25","date_gmt":"2023-01-16T13:14:25","guid":{"rendered":"https:\/\/luxuryholidayscrete.com\/about-us\/"},"modified":"2023-10-02T08:16:17","modified_gmt":"2023-10-02T08:16:17","slug":"about-us","status":"publish","type":"page","link":"https:\/\/luxuryholidayscrete.com\/de\/uber-uns\/","title":{"rendered":"\u00dcber uns"},"content":{"rendered":"<p>Ich freue mich, Sie bei Luxury Holidays Crete begr\u00fc\u00dfen zu d\u00fcrfen. Mit einer <strong>jahrzehntelange Erfahrung in der Tourismusbranche<\/strong>Sowohl auf Kreta als auch international hatte ich das Privileg, f\u00fcr unz\u00e4hlige Kunden ma\u00dfgeschneiderte Reisen zu konzipieren und ihre W\u00fcnsche, Erwartungen und Emotionen, die mit der Erf\u00fcllung dieser W\u00fcnsche einhergehen, intuitiv zu verstehen.<\/p>\n\n\n\n<p>Kreta, eine Insel von faszinierender Sch\u00f6nheit, hat immer einen besonderen Platz in meinem Herzen gehabt. Als wahres Paradies bietet sie den perfekten Zufluchtsort f\u00fcr alle, die sich inmitten von Stil und Pracht entspannen und verj\u00fcngen m\u00f6chten. Mit seinen unber\u00fchrten Str\u00e4nden, der k\u00f6stlichen K\u00fcche, der reichen Geschichte und den warmherzigen Einheimischen ist Kreta ein luxuri\u00f6ses Gem\u00e4lde, das darauf wartet, mit unvergesslichen Erinnerungen bemalt zu werden.<\/p>\n\n\n\n<p>Nachdem bereits ein <strong>hervorragender Ruf in Slowenien und anderen europ\u00e4ischen L\u00e4ndern<\/strong>Die Expansion nach Kreta war eine nat\u00fcrliche Entwicklung f\u00fcr unser Luxusurlaubsunternehmen. Wir sahen die M\u00f6glichkeit, noch mehr Menschen den Luxusurlaub zu bieten, nach dem sie sich sehnen, und unsere Leidenschaft f\u00fcr au\u00dfergew\u00f6hnliche Erlebnisse ist ungebrochen.<\/p>\n\n\n\n<h2 class=\"wp-block-heading\">Treffen Sie unser Team<\/h2>\n\n\n\n<p>Unser qualifiziertes und engagiertes Team besteht aus <strong>erfahrene Fachleute aus der Tourismusbranche<\/strong>Jeder von ihnen ist bestrebt, unseren Kunden den h\u00f6chsten Grad an Komfort und Entspannung zu bieten. Wir sind sehr stolz darauf, abwechslungsreiche und vielseitige Reisen zusammenzustellen, die auf den individuellen Geschmack und die Vorlieben unserer anspruchsvollen Kundschaft zugeschnitten sind.<\/p>\n\n\n\n<p>Wir k\u00fcmmern uns um jedes Detail Ihres Luxusurlaubs, von der Auswahl der perfekten opulenten Unterkunft bis hin zur Kommunikation mit den Villenbesitzern. Unser Team gibt Ihnen auch wertvolle Empfehlungen vor Ort, damit Sie in das authentische Kreta-Erlebnis eintauchen k\u00f6nnen, w\u00e4hrend Sie sich im Scho\u00df des Luxus sonnen.<\/p>\n\n\n\n<h2 class=\"wp-block-heading\">Verw\u00f6hnen Sie sich in unseren exquisiten Kreta-Villen<\/h2>\n\n\n\n<p>Erlauben Sie uns, Ihnen unsere atemberaubende Auswahl an <a href=\"https:\/\/luxuryholidayscrete.com\/de\/villas\/\">Luxusvillen auf Kreta<\/a>jede strahlt Eleganz und Anmut aus. St\u00f6bern Sie in unserer sorgf\u00e4ltig zusammengestellten Kollektion und lassen Sie sich von der bezaubernden Anziehungskraft der einzelnen Villen verzaubern.<\/p>\n\n\n\n<p>Wenn Sie \u00fcber Ihren Traumurlaub nachdenken, denken Sie daran, dass unser Team daf\u00fcr da ist, Ihre Vision in die Realit\u00e4t umzusetzen. Machen Sie den ersten Schritt zu einem unvergesslichen Urlaub, indem Sie <a href=\"https:\/\/luxuryholidayscrete.com\/de\/anfrage\/\">eine Anfrage senden<\/a> f\u00fcr Ihre Wunschvilla.<\/p>\n\n\n\n<p>Und schauen Sie sich unsere Partner in anderen Teilen der Welt an:<\/p>\n\n\n\n<ul class=\"wp-block-list\">\n<li><a href=\"https:\/\/slovenialuxuryholidays.com\/\">Slowenien Luxusurlaub<\/a><\/li>\n\n\n\n<li><a href=\"https:\/\/luxuryholidaysitaly.com\/\">Luxusurlaub Italien<\/a><\/li>\n\n\n\n<li><a href=\"https:\/\/luxury-holidays-croatia.com\/\">Luxusurlaub Kroatien<\/a><\/li>\n\n\n\n<li><a href=\"https:\/\/spainluxuryholidays.com\/\">Spanien Luxusurlaub<\/a><\/li>\n\n\n\n<li><a href=\"https:\/\/luxury-holidays-greece.com\/\">Luxusurlaub Griechenland<\/a><\/li>\n<\/ul>","protected":false},"excerpt":{"rendered":"<p>Ich freue mich, Sie bei Luxury Holidays Crete begr\u00fc\u00dfen zu d\u00fcrfen. Mit meiner jahrzehntelangen Erfahrung in der Tourismusbranche, sowohl auf Kreta als auch international, hatte ich das Privileg, ma\u00dfgeschneiderte Reisen f\u00fcr zahllose Kunden zu entwerfen und intuitiv ihre W\u00fcnsche, Erwartungen und Emotionen zu verstehen, die mit deren Erf\u00fcllung einhergehen. Kreta, eine Insel von faszinierender Sch\u00f6nheit, ... <a href=\"https:\/\/luxuryholidayscrete.com\/de\/uber-uns\/\">Fortsetzung<\/a><\/p>","protected":false},"author":37,"featured_media":162,"parent":0,"menu_order":0,"comment_status":"closed","ping_status":"closed","template":"","meta":{"_acf_changed":false,"footnotes":""},"class_list":["post-39","page","type-page","status-publish","has-post-thumbnail","hentry"],"acf":{"page_subheading":"Meet our passionate Luxury Holidays Crete team, dedicated to designing exceptional, personalized vacations celebrating Crete's luxurious charm."},"_links":{"self":[{"href":"https:\/\/luxuryholidayscrete.com\/de\/wp-json\/wp\/v2\/pages\/39","targetHints":{"allow":["GET"]}}],"collection":[{"href":"https:\/\/luxuryholidayscrete.com\/de\/wp-json\/wp\/v2\/pages"}],"about":[{"href":"https:\/\/luxuryholidayscrete.com\/de\/wp-json\/wp\/v2\/types\/page"}],"author":[{"embeddable":true,"href":"https:\/\/luxuryholidayscrete.com\/de\/wp-json\/wp\/v2\/users\/37"}],"replies":[{"embeddable":true,"href":"https:\/\/luxuryholidayscrete.com\/de\/wp-json\/wp\/v2\/comments?post=39"}],"version-history":[{"count":11,"href":"https:\/\/luxuryholidayscrete.com\/de\/wp-json\/wp\/v2\/pages\/39\/revisions"}],"predecessor-version":[{"id":3633,"href":"https:\/\/luxuryholidayscrete.com\/de\/wp-json\/wp\/v2\/pages\/39\/revisions\/3633"}],"wp:featuredmedia":[{"embeddable":true,"href":"https:\/\/luxuryholidayscrete.com\/de\/wp-json\/wp\/v2\/media\/162"}],"wp:attachment":[{"href":"https:\/\/luxuryholidayscrete.com\/de\/wp-json\/wp\/v2\/media?parent=39"}],"curies":[{"name":"wp","href":"https:\/\/api.w.org\/{rel}","templated":true}]}}